{"id":8,"date":"2019-11-11T09:41:05","date_gmt":"2019-11-11T09:41:05","guid":{"rendered":"http:\/\/gasthof-klier.de\/?page_id=8"},"modified":"2026-01-20T11:45:49","modified_gmt":"2026-01-20T11:45:49","slug":"ferienwohnung","status":"publish","type":"page","link":"https:\/\/gasthof-klier.de\/?page_id=8","title":{"rendered":"Ferienwohnung Kaitersberg"},"content":{"rendered":"\n<p><strong>Moderne, komfortable Ferienwohnung (110 m\u00b2) f\u00fcr 4-7 Personen<\/strong><\/p>\n\n\n\n<ul class=\"wp-block-list\">\n<li>2 Doppelschlafzimmer, 1 Drei-Bett-Zimmer, (Babybett zus\u00e4tzlich vorhanden)<\/li>\n\n\n\n<li>freies WLAN<\/li>\n\n\n\n<li>ger\u00e4umiges Wohnzimmer mit Sat-TV<\/li>\n\n\n\n<li>voll ausgestattete, separate K\u00fcche mit Geschirrsp\u00fcler, Mikrowelle und Essplatz<\/li>\n\n\n\n<li>2 B\u00e4der (ein Dusch- und ein Wannenbad, jeweils mit Waschtisch und Toilette)<\/li>\n\n\n\n<li>m\u00f6blierte Sonnenterrasse<\/li>\n\n\n\n<li>gro\u00dfe Liegewiese<\/li>\n\n\n\n<li>Hunde sind erlaubt, sind jedoch <strong>vor <\/strong>Anreise anzumelden! <br>Es k\u00f6nnen zus\u00e4tzliche Geb\u00fchren anfallen.<\/li>\n<\/ul>\n\n\n\n<figure class=\"wp-block-image size-large\"><img loading=\"lazy\" decoding=\"async\" width=\"1024\" height=\"768\" src=\"https:\/\/gasthof-klier.de\/wp-content\/uploads\/2026\/01\/9749_20240511_130053_358880217_original-1024x768.jpg\" alt=\"\" class=\"wp-image-297\" srcset=\"https:\/\/gasthof-klier.de\/wp-content\/uploads\/2026\/01\/9749_20240511_130053_358880217_original-1024x768.jpg 1024w, https:\/\/gasthof-klier.de\/wp-content\/uploads\/2026\/01\/9749_20240511_130053_358880217_original-300x225.jpg 300w, https:\/\/gasthof-klier.de\/wp-content\/uploads\/2026\/01\/9749_20240511_130053_358880217_original-768x576.jpg 768w, https:\/\/gasthof-klier.de\/wp-content\/uploads\/2026\/01\/9749_20240511_130053_358880217_original-1536x1152.jpg 1536w, https:\/\/gasthof-klier.de\/wp-content\/uploads\/2026\/01\/9749_20240511_130053_358880217_original-2048x1536.jpg 2048w, https:\/\/gasthof-klier.de\/wp-content\/uploads\/2026\/01\/9749_20240511_130053_358880217_original-470x352.jpg 470w\" sizes=\"auto, (max-width: 1024px) 100vw, 1024px\" \/><\/figure>\n\n\n\n<h4 class=\"wp-block-heading\">Preise pro Tag<\/h4>\n\n\n\n<p>Bettw\u00e4sche und Handt\u00fccher sind vorhanden.<\/p>\n\n\n\n<p><strong>Hauptsaison<\/strong>: November bis April<\/p>\n\n\n\n<ul class=\"wp-block-list\">\n<li>Preis Ferienwohnung\/Tag &nbsp; &nbsp; &nbsp; &nbsp; &nbsp; &nbsp; &nbsp; &nbsp; &nbsp;130,00 \u20ac<\/li>\n\n\n\n<li>Endreinigung&nbsp; &nbsp; &nbsp; &nbsp; &nbsp; &nbsp; &nbsp; &nbsp; &nbsp; &nbsp; &nbsp; &nbsp; &nbsp; &nbsp; &nbsp; &nbsp; &nbsp; &nbsp; &nbsp; &nbsp; 60,00 \u20ac<\/li>\n\n\n\n<li>Endreinigung mit Hund 90,00 \u20ac<\/li>\n\n\n\n<li>Kurtaxe pro Person \/ Tag&nbsp; &nbsp; &nbsp; &nbsp; &nbsp; &nbsp; &nbsp; &nbsp; &nbsp; &nbsp; &nbsp; &nbsp;  1,00 \u20ac<\/li>\n<\/ul>\n\n\n\n<p><strong>Nebensaison<\/strong>: Mai bis Oktober<\/p>\n\n\n\n<ul class=\"wp-block-list\">\n<li>Preis Ferienwohnung\/Tag &nbsp; &nbsp; &nbsp; &nbsp; &nbsp; &nbsp; &nbsp; &nbsp; &nbsp;&nbsp;110,00 \u20ac<\/li>\n\n\n\n<li>Endreinigung &nbsp; &nbsp; &nbsp; &nbsp; &nbsp; &nbsp; &nbsp; &nbsp; &nbsp; &nbsp; &nbsp; &nbsp; &nbsp; &nbsp; &nbsp; &nbsp; &nbsp; &nbsp; &nbsp; &nbsp;  60,00 \u20ac<\/li>\n\n\n\n<li>Endreinigung mit Hund 90,00 \u20ac<\/li>\n\n\n\n<li>Kurtaxe pro Person \/ Tag&nbsp; &nbsp; &nbsp; &nbsp; &nbsp; &nbsp; &nbsp; &nbsp; &nbsp; &nbsp; &nbsp; &nbsp;   1,00 \u20ac<\/li>\n<\/ul>\n\n\n\n<p>&nbsp;<strong>Mindestaufenthalt<\/strong>: Vermietung der Ferienwohnung ab 4 \u00dcbernachtungen. <br><\/p>\n\n\n\n<p><strong>Nur Barzahlung m\u00f6glich!<\/strong><\/p>\n\n\n\n<figure class=\"wp-block-gallery has-nested-images columns-default is-cropped wp-block-gallery-1 is-layout-flex wp-block-gallery-is-layout-flex\">\n<figure class=\"wp-block-image size-large\"><img loading=\"lazy\" decoding=\"async\" width=\"1024\" height=\"683\" data-id=\"225\" src=\"http:\/\/gasthof-klier.de\/wp-content\/uploads\/2021\/06\/FeWoKue-1024x683.jpg\" alt=\"\" class=\"wp-image-225\" srcset=\"https:\/\/gasthof-klier.de\/wp-content\/uploads\/2021\/06\/FeWoKue-1024x683.jpg 1024w, https:\/\/gasthof-klier.de\/wp-content\/uploads\/2021\/06\/FeWoKue-300x200.jpg 300w, https:\/\/gasthof-klier.de\/wp-content\/uploads\/2021\/06\/FeWoKue-768x512.jpg 768w, https:\/\/gasthof-klier.de\/wp-content\/uploads\/2021\/06\/FeWoKue-1536x1024.jpg 1536w, https:\/\/gasthof-klier.de\/wp-content\/uploads\/2021\/06\/FeWoKue-2048x1365.jpg 2048w\" sizes=\"auto, (max-width: 1024px) 100vw, 1024px\" \/><\/figure>\n\n\n\n<figure class=\"wp-block-image size-large\"><img loading=\"lazy\" decoding=\"async\" width=\"1024\" height=\"683\" data-id=\"227\" src=\"http:\/\/gasthof-klier.de\/wp-content\/uploads\/2021\/06\/FeWO-Roemer2-1024x683.jpg\" alt=\"\" class=\"wp-image-227\" srcset=\"https:\/\/gasthof-klier.de\/wp-content\/uploads\/2021\/06\/FeWO-Roemer2-1024x683.jpg 1024w, https:\/\/gasthof-klier.de\/wp-content\/uploads\/2021\/06\/FeWO-Roemer2-300x200.jpg 300w, https:\/\/gasthof-klier.de\/wp-content\/uploads\/2021\/06\/FeWO-Roemer2-768x512.jpg 768w, https:\/\/gasthof-klier.de\/wp-content\/uploads\/2021\/06\/FeWO-Roemer2-1536x1024.jpg 1536w, https:\/\/gasthof-klier.de\/wp-content\/uploads\/2021\/06\/FeWO-Roemer2-2048x1365.jpg 2048w\" sizes=\"auto, (max-width: 1024px) 100vw, 1024px\" \/><\/figure>\n\n\n\n<figure class=\"wp-block-image size-large\"><img loading=\"lazy\" decoding=\"async\" width=\"1024\" height=\"683\" data-id=\"228\" src=\"http:\/\/gasthof-klier.de\/wp-content\/uploads\/2021\/06\/FeWO-SchlGarten-1024x683.jpg\" alt=\"\" class=\"wp-image-228\" srcset=\"https:\/\/gasthof-klier.de\/wp-content\/uploads\/2021\/06\/FeWO-SchlGarten-1024x683.jpg 1024w, https:\/\/gasthof-klier.de\/wp-content\/uploads\/2021\/06\/FeWO-SchlGarten-300x200.jpg 300w, https:\/\/gasthof-klier.de\/wp-content\/uploads\/2021\/06\/FeWO-SchlGarten-768x512.jpg 768w, https:\/\/gasthof-klier.de\/wp-content\/uploads\/2021\/06\/FeWO-SchlGarten-1536x1024.jpg 1536w, https:\/\/gasthof-klier.de\/wp-content\/uploads\/2021\/06\/FeWO-SchlGarten-2048x1365.jpg 2048w\" sizes=\"auto, (max-width: 1024px) 100vw, 1024px\" \/><\/figure>\n\n\n\n<figure class=\"wp-block-image size-large\"><img loading=\"lazy\" decoding=\"async\" width=\"1024\" height=\"683\" data-id=\"229\" src=\"http:\/\/gasthof-klier.de\/wp-content\/uploads\/2021\/06\/FeWo-SchlZ-Hof-1024x683.jpg\" alt=\"\" class=\"wp-image-229\" srcset=\"https:\/\/gasthof-klier.de\/wp-content\/uploads\/2021\/06\/FeWo-SchlZ-Hof-1024x683.jpg 1024w, https:\/\/gasthof-klier.de\/wp-content\/uploads\/2021\/06\/FeWo-SchlZ-Hof-300x200.jpg 300w, https:\/\/gasthof-klier.de\/wp-content\/uploads\/2021\/06\/FeWo-SchlZ-Hof-768x512.jpg 768w, https:\/\/gasthof-klier.de\/wp-content\/uploads\/2021\/06\/FeWo-SchlZ-Hof-1536x1024.jpg 1536w, https:\/\/gasthof-klier.de\/wp-content\/uploads\/2021\/06\/FeWo-SchlZ-Hof-2048x1365.jpg 2048w\" sizes=\"auto, (max-width: 1024px) 100vw, 1024px\" \/><\/figure>\n\n\n\n<figure class=\"wp-block-image size-large\"><img loading=\"lazy\" decoding=\"async\" width=\"1024\" height=\"683\" data-id=\"230\" src=\"http:\/\/gasthof-klier.de\/wp-content\/uploads\/2021\/06\/FeWO-WZ1-1024x683.jpg\" alt=\"\" class=\"wp-image-230\" srcset=\"https:\/\/gasthof-klier.de\/wp-content\/uploads\/2021\/06\/FeWO-WZ1-1024x683.jpg 1024w, https:\/\/gasthof-klier.de\/wp-content\/uploads\/2021\/06\/FeWO-WZ1-300x200.jpg 300w, https:\/\/gasthof-klier.de\/wp-content\/uploads\/2021\/06\/FeWO-WZ1-768x512.jpg 768w, https:\/\/gasthof-klier.de\/wp-content\/uploads\/2021\/06\/FeWO-WZ1-1536x1024.jpg 1536w, https:\/\/gasthof-klier.de\/wp-content\/uploads\/2021\/06\/FeWO-WZ1-2048x1365.jpg 2048w\" sizes=\"auto, (max-width: 1024px) 100vw, 1024px\" \/><\/figure>\n\n\n\n<figure class=\"wp-block-image size-large\"><img loading=\"lazy\" decoding=\"async\" width=\"1024\" height=\"683\" data-id=\"231\" src=\"http:\/\/gasthof-klier.de\/wp-content\/uploads\/2021\/06\/Fewo-WZ2-1024x683.jpg\" alt=\"\" class=\"wp-image-231\" srcset=\"https:\/\/gasthof-klier.de\/wp-content\/uploads\/2021\/06\/Fewo-WZ2-1024x683.jpg 1024w, https:\/\/gasthof-klier.de\/wp-content\/uploads\/2021\/06\/Fewo-WZ2-300x200.jpg 300w, https:\/\/gasthof-klier.de\/wp-content\/uploads\/2021\/06\/Fewo-WZ2-768x512.jpg 768w, https:\/\/gasthof-klier.de\/wp-content\/uploads\/2021\/06\/Fewo-WZ2-1536x1024.jpg 1536w, https:\/\/gasthof-klier.de\/wp-content\/uploads\/2021\/06\/Fewo-WZ2-2048x1365.jpg 2048w\" sizes=\"auto, (max-width: 1024px) 100vw, 1024px\" \/><\/figure>\n<\/figure>\n","protected":false},"excerpt":{"rendered":"<p>Moderne, komfortable Ferienwohnung (110 m\u00b2) f\u00fcr 4-7 Personen Preise pro Tag Bettw\u00e4sche und Handt\u00fccher sind vorhanden. Hauptsaison: November bis April Nebensaison: Mai bis Oktober &nbsp;Mindestaufenthalt:<span class=\"more-button\"><a href=\"https:\/\/gasthof-klier.de\/?page_id=8\" class=\"more-link\">Continue Reading<span class=\"screen-reader-text\">Ferienwohnung Kaitersberg<\/span><\/a><\/span><\/p>\n","protected":false},"author":3,"featured_media":0,"parent":0,"menu_order":0,"comment_status":"closed","ping_status":"closed","template":"","meta":{"footnotes":""},"class_list":["post-8","page","type-page","status-publish","hentry"],"_links":{"self":[{"href":"https:\/\/gasthof-klier.de\/index.php?rest_route=\/wp\/v2\/pages\/8","targetHints":{"allow":["GET"]}}],"collection":[{"href":"https:\/\/gasthof-klier.de\/index.php?rest_route=\/wp\/v2\/pages"}],"about":[{"href":"https:\/\/gasthof-klier.de\/index.php?rest_route=\/wp\/v2\/types\/page"}],"author":[{"embeddable":true,"href":"https:\/\/gasthof-klier.de\/index.php?rest_route=\/wp\/v2\/users\/3"}],"replies":[{"embeddable":true,"href":"https:\/\/gasthof-klier.de\/index.php?rest_route=%2Fwp%2Fv2%2Fcomments&post=8"}],"version-history":[{"count":18,"href":"https:\/\/gasthof-klier.de\/index.php?rest_route=\/wp\/v2\/pages\/8\/revisions"}],"predecessor-version":[{"id":316,"href":"https:\/\/gasthof-klier.de\/index.php?rest_route=\/wp\/v2\/pages\/8\/revisions\/316"}],"wp:attachment":[{"href":"https:\/\/gasthof-klier.de\/index.php?rest_route=%2Fwp%2Fv2%2Fmedia&parent=8"}],"curies":[{"name":"wp","href":"https:\/\/api.w.org\/{rel}","templated":true}]}}