{"id":7,"date":"2019-11-11T09:41:05","date_gmt":"2019-11-11T09:41:05","guid":{"rendered":"http:\/\/gasthof-klier.de\/?page_id=7"},"modified":"2026-01-11T10:43:51","modified_gmt":"2026-01-11T10:43:51","slug":"zimmer-appartement","status":"publish","type":"page","link":"https:\/\/gasthof-klier.de\/?page_id=7","title":{"rendered":"Ferienwohnung Osserblick"},"content":{"rendered":"\n<p>Unsere helle und komfortable Ferienwohnung in ruhiger Lage bietet Ihnen Erholung f\u00fcr Ihren Urlaub bei uns.<\/p>\n\n\n\n<figure class=\"wp-block-gallery has-nested-images columns-default is-cropped wp-block-gallery-1 is-layout-flex wp-block-gallery-is-layout-flex\">\n<figure class=\"wp-block-image size-large is-resized is-style-rounded\"><img loading=\"lazy\" decoding=\"async\" width=\"1024\" height=\"683\" data-id=\"234\" src=\"http:\/\/gasthof-klier.de\/wp-content\/uploads\/2021\/06\/App1-1024x683.jpg\" alt=\"\" class=\"wp-image-234\" style=\"width:768px;height:512px\" srcset=\"https:\/\/gasthof-klier.de\/wp-content\/uploads\/2021\/06\/App1-1024x683.jpg 1024w, https:\/\/gasthof-klier.de\/wp-content\/uploads\/2021\/06\/App1-300x200.jpg 300w, https:\/\/gasthof-klier.de\/wp-content\/uploads\/2021\/06\/App1-768x512.jpg 768w, https:\/\/gasthof-klier.de\/wp-content\/uploads\/2021\/06\/App1-1536x1024.jpg 1536w, https:\/\/gasthof-klier.de\/wp-content\/uploads\/2021\/06\/App1-2048x1365.jpg 2048w\" sizes=\"auto, (max-width: 1024px) 100vw, 1024px\" \/><\/figure>\n<\/figure>\n\n\n\n<p> <\/p>\n\n\n\n<p>Die Ferienwohnung verf\u00fcgt \u00fcber ein gro\u00dfz\u00fcgiges Familienzimmer f\u00fcr 2 &#8211; 4 Personen (ein Doppelbett und zwei Einzelbetten) mit Dusche\/WC.<\/p>\n\n\n\n<p>Angrenzend liegt ein weiteres Doppelzimmer mit eigenem Bad (Dusche\/WC), TV und Sitzplatz.<\/p>\n\n\n\n<p>Zur Wohnung geh\u00f6rt ein Wohnzimmer mit TV und K\u00fchlschrank, ausgestattet mit einem Sofa und drei komfortablen Fernsehsesseln.<\/p>\n\n\n\n<p>Die K\u00fcche mit Essplatz ist ausgestattet mit Mikrowelle, K\u00fchlschrank, Wasserkocher, Kaffeemaschine, Zwei-Plattenkochfeld und einer Hei\u00dfluftfritteuse.<\/p>\n\n\n\n<p><strong>Preise pro Tag:<\/strong><\/p>\n\n\n\n<p>Bettw\u00e4sche und Handt\u00fccher sind vorhanden.<\/p>\n\n\n\n<p><strong>Hauptsaison: <\/strong>November bis April:<\/p>\n\n\n\n<ul class=\"wp-block-list\">\n<li>Preis Ferienwohnung Osserblick\/Tag 110 \u20ac<\/li>\n\n\n\n<li>Endreinigung 60 \u20ac<\/li>\n\n\n\n<li>Endreinigung mit Hund 90 \u20ac<\/li>\n\n\n\n<li>Kurtaxe pro Person\/Tag 1 \u20ac<\/li>\n<\/ul>\n\n\n\n<p><strong>Nebensaison<\/strong>: Mai bis Oktober:<\/p>\n\n\n\n<ul class=\"wp-block-list\">\n<li>Preis Ferienwohnung Osserblick\/Tag 90 \u20ac<\/li>\n\n\n\n<li>Enreinigung 60 \u20ac<\/li>\n\n\n\n<li>Endreinigung mit Hund 90 \u20ac<\/li>\n\n\n\n<li>Kurtaxe pro Person\/Tag 1 \u20ac<\/li>\n<\/ul>\n\n\n\n<p><strong>Nur Barzahlung m\u00f6glich!<\/strong><\/p>\n\n\n\n<p><strong>Freies WLAN<\/strong><\/p>\n\n\n\n<p><strong>Das Mitbringen von Hunden ist uns vor Anreise anzumelden!<\/strong><br><strong>Es k\u00f6nnen zus\u00e4tzliche Kosten anfallen.<\/strong><\/p>\n\n\n\n<p><strong><br>Es gilt eine Mindestaufenthaltsdauer von 3 N\u00e4chten.<br>\u00a0<\/strong><\/p>\n\n\n\n<figure class=\"wp-block-gallery has-nested-images columns-default is-cropped wp-block-gallery-2 is-layout-flex wp-block-gallery-is-layout-flex\">\n<figure class=\"wp-block-image size-medium\"><img loading=\"lazy\" decoding=\"async\" width=\"1024\" height=\"683\" data-id=\"236\" src=\"http:\/\/gasthof-klier.de\/wp-content\/uploads\/2021\/06\/App4-1024x683.jpg\" alt=\"\" class=\"wp-image-236\" srcset=\"https:\/\/gasthof-klier.de\/wp-content\/uploads\/2021\/06\/App4-1024x683.jpg 1024w, https:\/\/gasthof-klier.de\/wp-content\/uploads\/2021\/06\/App4-300x200.jpg 300w, https:\/\/gasthof-klier.de\/wp-content\/uploads\/2021\/06\/App4-768x512.jpg 768w, https:\/\/gasthof-klier.de\/wp-content\/uploads\/2021\/06\/App4-1536x1024.jpg 1536w, https:\/\/gasthof-klier.de\/wp-content\/uploads\/2021\/06\/App4-2048x1365.jpg 2048w\" sizes=\"auto, (max-width: 1024px) 100vw, 1024px\" \/><figcaption class=\"wp-element-caption\">Wohnraum Appartement<\/figcaption><\/figure>\n\n\n\n<figure class=\"wp-block-image size-medium\"><img loading=\"lazy\" decoding=\"async\" width=\"1024\" height=\"683\" data-id=\"243\" src=\"http:\/\/gasthof-klier.de\/wp-content\/uploads\/2021\/06\/App1-1-1024x683.jpg\" alt=\"\" class=\"wp-image-243\" srcset=\"https:\/\/gasthof-klier.de\/wp-content\/uploads\/2021\/06\/App1-1-1024x683.jpg 1024w, https:\/\/gasthof-klier.de\/wp-content\/uploads\/2021\/06\/App1-1-300x200.jpg 300w, https:\/\/gasthof-klier.de\/wp-content\/uploads\/2021\/06\/App1-1-768x512.jpg 768w, https:\/\/gasthof-klier.de\/wp-content\/uploads\/2021\/06\/App1-1-1536x1024.jpg 1536w, https:\/\/gasthof-klier.de\/wp-content\/uploads\/2021\/06\/App1-1-2048x1365.jpg 2048w\" sizes=\"auto, (max-width: 1024px) 100vw, 1024px\" \/><figcaption class=\"wp-element-caption\">Schlafraum Appartement<\/figcaption><\/figure>\n\n\n\n<figure class=\"wp-block-image size-medium\"><img loading=\"lazy\" decoding=\"async\" width=\"1024\" height=\"683\" data-id=\"245\" src=\"http:\/\/gasthof-klier.de\/wp-content\/uploads\/2021\/06\/App3-1024x683.jpg\" alt=\"\" class=\"wp-image-245\" srcset=\"https:\/\/gasthof-klier.de\/wp-content\/uploads\/2021\/06\/App3-1024x683.jpg 1024w, https:\/\/gasthof-klier.de\/wp-content\/uploads\/2021\/06\/App3-300x200.jpg 300w, https:\/\/gasthof-klier.de\/wp-content\/uploads\/2021\/06\/App3-768x512.jpg 768w, https:\/\/gasthof-klier.de\/wp-content\/uploads\/2021\/06\/App3-1536x1024.jpg 1536w, https:\/\/gasthof-klier.de\/wp-content\/uploads\/2021\/06\/App3-2048x1365.jpg 2048w\" sizes=\"auto, (max-width: 1024px) 100vw, 1024px\" \/><figcaption class=\"wp-element-caption\">Sitzplatz<\/figcaption><\/figure>\n<\/figure>\n","protected":false},"excerpt":{"rendered":"<p>Unsere helle und komfortable Ferienwohnung in ruhiger Lage bietet Ihnen Erholung f\u00fcr Ihren Urlaub bei uns. Die Ferienwohnung verf\u00fcgt \u00fcber ein gro\u00dfz\u00fcgiges Familienzimmer f\u00fcr 2<span class=\"more-button\"><a href=\"https:\/\/gasthof-klier.de\/?page_id=7\" class=\"more-link\">Continue Reading<span class=\"screen-reader-text\">Ferienwohnung Osserblick<\/span><\/a><\/span><\/p>\n","protected":false},"author":3,"featured_media":0,"parent":0,"menu_order":0,"comment_status":"closed","ping_status":"closed","template":"","meta":{"footnotes":""},"class_list":["post-7","page","type-page","status-publish","hentry"],"_links":{"self":[{"href":"https:\/\/gasthof-klier.de\/index.php?rest_route=\/wp\/v2\/pages\/7","targetHints":{"allow":["GET"]}}],"collection":[{"href":"https:\/\/gasthof-klier.de\/index.php?rest_route=\/wp\/v2\/pages"}],"about":[{"href":"https:\/\/gasthof-klier.de\/index.php?rest_route=\/wp\/v2\/types\/page"}],"author":[{"embeddable":true,"href":"https:\/\/gasthof-klier.de\/index.php?rest_route=\/wp\/v2\/users\/3"}],"replies":[{"embeddable":true,"href":"https:\/\/gasthof-klier.de\/index.php?rest_route=%2Fwp%2Fv2%2Fcomments&post=7"}],"version-history":[{"count":17,"href":"https:\/\/gasthof-klier.de\/index.php?rest_route=\/wp\/v2\/pages\/7\/revisions"}],"predecessor-version":[{"id":303,"href":"https:\/\/gasthof-klier.de\/index.php?rest_route=\/wp\/v2\/pages\/7\/revisions\/303"}],"wp:attachment":[{"href":"https:\/\/gasthof-klier.de\/index.php?rest_route=%2Fwp%2Fv2%2Fmedia&parent=7"}],"curies":[{"name":"wp","href":"https:\/\/api.w.org\/{rel}","templated":true}]}}