{"id":305,"date":"2026-01-11T11:10:36","date_gmt":"2026-01-11T11:10:36","guid":{"rendered":"https:\/\/gasthof-klier.de\/?page_id=305"},"modified":"2026-01-11T11:10:36","modified_gmt":"2026-01-11T11:10:36","slug":"fereinwohnung-hohen-bogen","status":"publish","type":"page","link":"https:\/\/gasthof-klier.de\/?page_id=305","title":{"rendered":"Fereinwohnung Hohen Bogen"},"content":{"rendered":"\n<ul class=\"wp-block-list\"><\/ul>\n\n\n<div class=\"wp-block-image\">\n<figure class=\"aligncenter size-full\"><img loading=\"lazy\" decoding=\"async\" width=\"640\" height=\"480\" src=\"https:\/\/gasthof-klier.de\/wp-content\/uploads\/2026\/01\/Schlafz-rotated.jpg\" alt=\"\" class=\"wp-image-310\" srcset=\"https:\/\/gasthof-klier.de\/wp-content\/uploads\/2026\/01\/Schlafz-rotated.jpg 640w, https:\/\/gasthof-klier.de\/wp-content\/uploads\/2026\/01\/Schlafz-300x225.jpg 300w, https:\/\/gasthof-klier.de\/wp-content\/uploads\/2026\/01\/Schlafz-470x352.jpg 470w\" sizes=\"auto, (max-width: 640px) 100vw, 640px\" \/><\/figure>\n<\/div>\n\n\n<p><strong>Moderne, komfortable Ferienwohnung (ca. 60 m\u00b2) f\u00fcr 1 &#8211; 3 Personen<\/strong><\/p>\n\n\n\n<ul class=\"wp-block-list\">\n<li>Schlafzimmer mit einem Doppelbett und einem Einzelbett sowie TV<br>und Bad mit Dusche\/WC<\/li>\n\n\n\n<li>freies WLAN<\/li>\n\n\n\n<li>Wohnraum mit Sitzecke und TV,<br>K\u00fcchennische, ausgestattet mit Kochfeld, K\u00fchlschrank,<br>Mikrowelle, Wasserkocher, Kaffeemaschine, Hei\u00dfluftfritteuse<br>Essplatz<\/li>\n\n\n\n<li>Bettw\u00e4sche und Handt\u00fccher sind vorhanden<br><\/li>\n<\/ul>\n\n\n\n<p><strong>Preise pro Tag:<\/strong><\/p>\n\n\n\n<p><strong>Hauptsaison<\/strong>: November bis April<\/p>\n\n\n\n<ul class=\"wp-block-list\">\n<li>Preis Ferienwohnung \/ Tag        75 \u20ac<\/li>\n\n\n\n<li>Endreinigung 45 \u20ac<\/li>\n\n\n\n<li>Endreinigung mit Hund 70 \u20ac<\/li>\n\n\n\n<li>Kurtaxe pro Person\/Tag 1 \u20ac<\/li>\n<\/ul>\n\n\n\n<p><strong>Nebensaison<\/strong>: Mai bis Oktober<\/p>\n\n\n\n<ul class=\"wp-block-list\">\n<li>Preis Ferienwohnung \/ Tag 60 \u20ac<\/li>\n\n\n\n<li>Endreinigung 45 \u20ac<\/li>\n\n\n\n<li>Endreinigung mit Hund 70 \u20ac<\/li>\n\n\n\n<li>Kurtaxe pro Person\/Tag 1 \u20ac<\/li>\n<\/ul>\n\n\n\n<p><strong>Mindestaufenthalt: 2 \u00dcbernachtungen<br><br>Hunde sind vor der Anreise anzumelden!<br>Es k\u00f6nnen zus\u00e4tzliche Kosten anfallen.<br><br>Nur Barzahlung m\u00f6glich!<\/strong><br><\/p>\n\n\n<div class=\"wp-block-image\">\n<figure class=\"aligncenter size-full\"><img loading=\"lazy\" decoding=\"async\" width=\"480\" height=\"640\" src=\"https:\/\/gasthof-klier.de\/wp-content\/uploads\/2026\/01\/Kueche-rotated.jpg\" alt=\"\" class=\"wp-image-312\" srcset=\"https:\/\/gasthof-klier.de\/wp-content\/uploads\/2026\/01\/Kueche-rotated.jpg 480w, https:\/\/gasthof-klier.de\/wp-content\/uploads\/2026\/01\/Kueche-225x300.jpg 225w, https:\/\/gasthof-klier.de\/wp-content\/uploads\/2026\/01\/Kueche-470x626.jpg 470w\" sizes=\"auto, (max-width: 480px) 100vw, 480px\" \/><\/figure>\n<\/div>","protected":false},"excerpt":{"rendered":"<p>Moderne, komfortable Ferienwohnung (ca. 60 m\u00b2) f\u00fcr 1 &#8211; 3 Personen Preise pro Tag: Hauptsaison: November bis April Nebensaison: Mai bis Oktober Mindestaufenthalt: 2 \u00dcbernachtungen<span class=\"more-button\"><a href=\"https:\/\/gasthof-klier.de\/?page_id=305\" class=\"more-link\">Continue Reading<span class=\"screen-reader-text\">Fereinwohnung Hohen Bogen<\/span><\/a><\/span><\/p>\n","protected":false},"author":3,"featured_media":0,"parent":0,"menu_order":0,"comment_status":"closed","ping_status":"closed","template":"","meta":{"footnotes":""},"class_list":["post-305","page","type-page","status-publish","hentry"],"_links":{"self":[{"href":"https:\/\/gasthof-klier.de\/index.php?rest_route=\/wp\/v2\/pages\/305","targetHints":{"allow":["GET"]}}],"collection":[{"href":"https:\/\/gasthof-klier.de\/index.php?rest_route=\/wp\/v2\/pages"}],"about":[{"href":"https:\/\/gasthof-klier.de\/index.php?rest_route=\/wp\/v2\/types\/page"}],"author":[{"embeddable":true,"href":"https:\/\/gasthof-klier.de\/index.php?rest_route=\/wp\/v2\/users\/3"}],"replies":[{"embeddable":true,"href":"https:\/\/gasthof-klier.de\/index.php?rest_route=%2Fwp%2Fv2%2Fcomments&post=305"}],"version-history":[{"count":6,"href":"https:\/\/gasthof-klier.de\/index.php?rest_route=\/wp\/v2\/pages\/305\/revisions"}],"predecessor-version":[{"id":314,"href":"https:\/\/gasthof-klier.de\/index.php?rest_route=\/wp\/v2\/pages\/305\/revisions\/314"}],"wp:attachment":[{"href":"https:\/\/gasthof-klier.de\/index.php?rest_route=%2Fwp%2Fv2%2Fmedia&parent=305"}],"curies":[{"name":"wp","href":"https:\/\/api.w.org\/{rel}","templated":true}]}}