{"id":24,"date":"2019-11-11T09:44:50","date_gmt":"2019-11-11T09:44:50","guid":{"rendered":"http:\/\/gasthof-klier.de\/?page_id=24"},"modified":"2020-01-02T18:23:21","modified_gmt":"2020-01-02T18:23:21","slug":"impressum","status":"publish","type":"page","link":"https:\/\/gasthof-klier.de\/?page_id=24","title":{"rendered":"Impressum"},"content":{"rendered":"\n<h4 class=\"wp-block-heading\">Verantwortlich f\u00fcr diese Seiten:<\/h4>\n\n\n\n<p><strong>Gasthof Klier<br><\/strong>Verantwortlicher: Ewald Klier<br>Hauptstra\u00dfe 46<br>93480 Hohenwarth<br>Tel.:&nbsp;09946.264<br>Fax:&nbsp;09946 264<\/p>\n\n\n\n<p>Web: www.gasthof-klier.de<br>E-Mail:&nbsp;info@gasthof-klier.de<br><\/p>\n\n\n\n<h4 class=\"wp-block-heading\">Haftungsausschluss:<\/h4>\n\n\n\n<p>\n\nMit Urteil vom 12. Mai 1998 hat das Landgericht Hamburg entschieden, dass man durch die Anbringung eines Links die Inhalte der gelinkten Seite ggf. mit zu verantworten hat. Dies kann, so das LG, nur dadurch verhindert werden, indem man sich ausdr\u00fccklich von diesen Inhalten distanziert. Wir erkl\u00e4ren ausdr\u00fccklich, dass wir keinerlei Einfluss auf die Gestaltung und die Inhalte der gelinkten Seiten haben. Deshalb distanzieren wir uns hiermit ausdr\u00fccklich von allen Inhalten aller gelinkten Seiten auf unseren Internetseiten und machen uns diese Inhalte nicht zu Eigen. Diese Erkl\u00e4rung gilt f\u00fcr alle auf unseren Internetseiten angezeigten Links.\n\n<\/p>\n","protected":false},"excerpt":{"rendered":"<p>Verantwortlich f\u00fcr diese Seiten: Gasthof KlierVerantwortlicher: Ewald KlierHauptstra\u00dfe 4693480 HohenwarthTel.:&nbsp;09946.264Fax:&nbsp;09946 264 Web: www.gasthof-klier.deE-Mail:&nbsp;info@gasthof-klier.de Haftungsausschluss: Mit Urteil vom 12. Mai 1998 hat das Landgericht Hamburg entschieden,<span class=\"more-button\"><a href=\"https:\/\/gasthof-klier.de\/?page_id=24\" class=\"more-link\">Continue Reading<span class=\"screen-reader-text\">Impressum<\/span><\/a><\/span><\/p>\n","protected":false},"author":3,"featured_media":0,"parent":0,"menu_order":0,"comment_status":"closed","ping_status":"closed","template":"","meta":{"footnotes":""},"class_list":["post-24","page","type-page","status-publish","hentry"],"_links":{"self":[{"href":"https:\/\/gasthof-klier.de\/index.php?rest_route=\/wp\/v2\/pages\/24","targetHints":{"allow":["GET"]}}],"collection":[{"href":"https:\/\/gasthof-klier.de\/index.php?rest_route=\/wp\/v2\/pages"}],"about":[{"href":"https:\/\/gasthof-klier.de\/index.php?rest_route=\/wp\/v2\/types\/page"}],"author":[{"embeddable":true,"href":"https:\/\/gasthof-klier.de\/index.php?rest_route=\/wp\/v2\/users\/3"}],"replies":[{"embeddable":true,"href":"https:\/\/gasthof-klier.de\/index.php?rest_route=%2Fwp%2Fv2%2Fcomments&post=24"}],"version-history":[{"count":2,"href":"https:\/\/gasthof-klier.de\/index.php?rest_route=\/wp\/v2\/pages\/24\/revisions"}],"predecessor-version":[{"id":78,"href":"https:\/\/gasthof-klier.de\/index.php?rest_route=\/wp\/v2\/pages\/24\/revisions\/78"}],"wp:attachment":[{"href":"https:\/\/gasthof-klier.de\/index.php?rest_route=%2Fwp%2Fv2%2Fmedia&parent=24"}],"curies":[{"name":"wp","href":"https:\/\/api.w.org\/{rel}","templated":true}]}}